{"id":9023,"date":"2023-10-11T14:10:11","date_gmt":"2023-10-11T17:10:11","guid":{"rendered":"https:\/\/pdainternational.testpda.com\/contacto\/"},"modified":"2024-11-28T11:20:15","modified_gmt":"2024-11-28T14:20:15","slug":"contacto","status":"publish","type":"page","link":"https:\/\/www.pdainternational.net\/pt-br\/contacto\/","title":{"rendered":"Contato"},"content":{"rendered":"\t\t<div data-elementor-type=\"wp-page\" data-elementor-id=\"9023\" class=\"elementor elementor-9023 elementor-2923\" data-elementor-post-type=\"page\">\n\t\t\t\t\t\t<section class=\"elementor-section elementor-top-section elementor-element elementor-element-e7c9b99 elementor-section-boxed elementor-section-height-default elementor-section-height-default wpr-particle-no wpr-jarallax-no wpr-parallax-no wpr-sticky-section-no\" data-id=\"e7c9b99\" data-element_type=\"section\" data-settings=\"{&quot;background_background&quot;:&quot;gradient&quot;}\">\n\t\t\t\t\t\t<div class=\"elementor-container elementor-column-gap-default\">\n\t\t\t\t\t<div class=\"elementor-column elementor-col-50 elementor-top-column elementor-element elementor-element-4ccab3b\" data-id=\"4ccab3b\" data-element_type=\"column\">\n\t\t\t<div class=\"elementor-widget-wrap elementor-element-populated\">\n\t\t\t\t\t\t<div class=\"elementor-element elementor-element-0039091 elementor-hidden-mobile elementor-widget elementor-widget-heading\" data-id=\"0039091\" data-element_type=\"widget\" data-widget_type=\"heading.default\">\n\t\t\t\t<div class=\"elementor-widget-container\">\n\t\t\t\t\t<h2 class=\"elementor-heading-title elementor-size-default\">Contate-nos!<\/h2>\t\t\t\t<\/div>\n\t\t\t\t<\/div>\n\t\t\t\t<div class=\"elementor-element elementor-element-2df5328 elementor-hidden-desktop elementor-hidden-tablet elementor-widget elementor-widget-heading\" data-id=\"2df5328\" data-element_type=\"widget\" data-widget_type=\"heading.default\">\n\t\t\t\t<div class=\"elementor-widget-container\">\n\t\t\t\t\t<h2 class=\"elementor-heading-title elementor-size-default\">Contate-nos!<\/h2>\t\t\t\t<\/div>\n\t\t\t\t<\/div>\n\t\t\t\t<div class=\"elementor-element elementor-element-841597b elementor-hidden-mobile elementor-widget elementor-widget-text-editor\" data-id=\"841597b\" data-element_type=\"widget\" data-widget_type=\"text-editor.default\">\n\t\t\t\t<div class=\"elementor-widget-container\">\n\t\t\t\t\t\t\t\t\t<p>Se voc\u00ea deseja receber mais informa\u00e7\u00f5es sobre nossa plataforma, produtos ou solu\u00e7\u00f5es tecnol\u00f3gicas, assim como fazer outra consulta, pedimos que preencha o formul\u00e1rio ou nos envie um e-mail para: <a style=\"color: #00ffff; text-decoration: underline;\" href=\"mailto:info@pdainternational.net\"><span style=\"color: #00ffff;\">info@pdainternational.net<\/span><\/a><\/p>\n\t\t\t\t\t\t\t\t<\/div>\n\t\t\t\t<\/div>\n\t\t\t\t<div class=\"elementor-element elementor-element-2876a74 elementor-hidden-desktop elementor-hidden-tablet elementor-widget elementor-widget-text-editor\" data-id=\"2876a74\" data-element_type=\"widget\" data-widget_type=\"text-editor.default\">\n\t\t\t\t<div class=\"elementor-widget-container\">\n\t\t\t\t\t\t\t\t\t<p>Se voc\u00ea deseja receber mais informa\u00e7\u00f5es sobre nossa plataforma, produtos ou solu\u00e7\u00f5es tecnol\u00f3gicas, assim como fazer outra consulta, pedimos que preencha o formul\u00e1rio ou nos envie um e-mail para: info@pdainternational.net<\/p>\n\t\t\t\t\t\t\t\t<\/div>\n\t\t\t\t<\/div>\n\t\t\t\t\t<\/div>\n\t\t<\/div>\n\t\t\t\t<div class=\"elementor-column elementor-col-50 elementor-top-column elementor-element elementor-element-2fba724\" data-id=\"2fba724\" data-element_type=\"column\">\n\t\t\t<div class=\"elementor-widget-wrap elementor-element-populated\">\n\t\t\t\t\t\t<div class=\"elementor-element elementor-element-840250a bloque-es elementor-widget elementor-widget-hubspot-form\" data-id=\"840250a\" data-element_type=\"widget\" data-widget_type=\"hubspot-form.default\">\n\t\t\t\t<div class=\"elementor-widget-container\">\n\t\t\t\t\t\n\t\t\t\t\t\t<script>\n\t\t\t\t\t\t\twindow.hsFormsOnReady = window.hsFormsOnReady || [];\n\t\t\t\t\t\t\twindow.hsFormsOnReady.push(()=>{\n\t\t\t\t\t\t\t\thbspt.forms.create({\n\t\t\t\t\t\t\t\t\tportalId: 20472864,\n\t\t\t\t\t\t\t\t\tformId: \"2fce4ff6-1992-4b81-91e6-c7255ae618b3\",\n\t\t\t\t\t\t\t\t\ttarget: \"#hbspt-form-1777479129000-5683297186\",\n\t\t\t\t\t\t\t\t\tregion: \"na1\",\n\t\t\t\t\t\t\t\t\t\n\t\t\t\t\t\t\t})});\n\t\t\t\t\t\t<\/script>\n\t\t\t\t\t\t<div class=\"hbspt-form\" id=\"hbspt-form-1777479129000-5683297186\"><\/div>\t\t\t\t<\/div>\n\t\t\t\t<\/div>\n\t\t\t\t<div class=\"elementor-element elementor-element-3815c1c bloque-en elementor-widget elementor-widget-hubspot-form\" data-id=\"3815c1c\" data-element_type=\"widget\" data-widget_type=\"hubspot-form.default\">\n\t\t\t\t<div class=\"elementor-widget-container\">\n\t\t\t\t\t\n\t\t\t\t\t\t<script>\n\t\t\t\t\t\t\twindow.hsFormsOnReady = window.hsFormsOnReady || [];\n\t\t\t\t\t\t\twindow.hsFormsOnReady.push(()=>{\n\t\t\t\t\t\t\t\thbspt.forms.create({\n\t\t\t\t\t\t\t\t\tportalId: 20472864,\n\t\t\t\t\t\t\t\t\tformId: \"ea454c61-78f3-4cd4-af4a-86479ff49ec8\",\n\t\t\t\t\t\t\t\t\ttarget: \"#hbspt-form-1777479129000-1659664495\",\n\t\t\t\t\t\t\t\t\tregion: \"na1\",\n\t\t\t\t\t\t\t\t\t\n\t\t\t\t\t\t\t})});\n\t\t\t\t\t\t<\/script>\n\t\t\t\t\t\t<div class=\"hbspt-form\" id=\"hbspt-form-1777479129000-1659664495\"><\/div>\t\t\t\t<\/div>\n\t\t\t\t<\/div>\n\t\t\t\t<div class=\"elementor-element elementor-element-e18a32e bloque-br elementor-widget elementor-widget-hubspot-form\" data-id=\"e18a32e\" data-element_type=\"widget\" data-widget_type=\"hubspot-form.default\">\n\t\t\t\t<div class=\"elementor-widget-container\">\n\t\t\t\t\t\n\t\t\t\t\t\t<script>\n\t\t\t\t\t\t\twindow.hsFormsOnReady = window.hsFormsOnReady || [];\n\t\t\t\t\t\t\twindow.hsFormsOnReady.push(()=>{\n\t\t\t\t\t\t\t\thbspt.forms.create({\n\t\t\t\t\t\t\t\t\tportalId: 20472864,\n\t\t\t\t\t\t\t\t\tformId: \"4c55006c-9c7f-4f82-9864-b437001ef1ea\",\n\t\t\t\t\t\t\t\t\ttarget: \"#hbspt-form-1777479129000-7283287969\",\n\t\t\t\t\t\t\t\t\tregion: \"na1\",\n\t\t\t\t\t\t\t\t\t\n\t\t\t\t\t\t\t})});\n\t\t\t\t\t\t<\/script>\n\t\t\t\t\t\t<div class=\"hbspt-form\" id=\"hbspt-form-1777479129000-7283287969\"><\/div>\t\t\t\t<\/div>\n\t\t\t\t<\/div>\n\t\t\t\t<div class=\"elementor-element elementor-element-ee7bab0 bloque-pt elementor-widget elementor-widget-hubspot-form\" data-id=\"ee7bab0\" data-element_type=\"widget\" data-widget_type=\"hubspot-form.default\">\n\t\t\t\t<div class=\"elementor-widget-container\">\n\t\t\t\t\t\n\t\t\t\t\t\t<script>\n\t\t\t\t\t\t\twindow.hsFormsOnReady = window.hsFormsOnReady || [];\n\t\t\t\t\t\t\twindow.hsFormsOnReady.push(()=>{\n\t\t\t\t\t\t\t\thbspt.forms.create({\n\t\t\t\t\t\t\t\t\tportalId: 20472864,\n\t\t\t\t\t\t\t\t\tformId: \"22792463-03f2-4311-bc6d-c47f5b7e6a6d\",\n\t\t\t\t\t\t\t\t\ttarget: \"#hbspt-form-1777479129000-1993490763\",\n\t\t\t\t\t\t\t\t\tregion: \"na1\",\n\t\t\t\t\t\t\t\t\t\n\t\t\t\t\t\t\t})});\n\t\t\t\t\t\t<\/script>\n\t\t\t\t\t\t<div class=\"hbspt-form\" id=\"hbspt-form-1777479129000-1993490763\"><\/div>\t\t\t\t<\/div>\n\t\t\t\t<\/div>\n\t\t\t\t\t<\/div>\n\t\t<\/div>\n\t\t\t\t\t<\/div>\n\t\t<\/section>\n\t\t\t\t<\/div>\n\t\t","protected":false},"excerpt":{"rendered":"<p>Contate-nos! Contate-nos! Se voc\u00ea deseja receber mais informa\u00e7\u00f5es sobre nossa plataforma, produtos ou solu\u00e7\u00f5es tecnol\u00f3gicas, assim como fazer outra consulta, pedimos que preencha o formul\u00e1rio ou nos envie um e-mail para: info@pdainternational.net Se voc\u00ea deseja receber mais informa\u00e7\u00f5es sobre nossa plataforma, produtos ou solu\u00e7\u00f5es tecnol\u00f3gicas, assim como fazer outra consulta, pedimos que preencha o formul\u00e1rio ou nos envie um e-mail para: info@pdainternational.net<\/p>\n","protected":false},"author":12,"featured_media":0,"parent":0,"menu_order":0,"comment_status":"closed","ping_status":"closed","template":"","meta":{"content-type":"","footnotes":""},"class_list":["post-9023","page","type-page","status-publish","hentry"],"yoast_head":"<!-- This site is optimized with the Yoast SEO Premium plugin v20.12 (Yoast SEO v26.1.1) - https:\/\/yoast.com\/wordpress\/plugins\/seo\/ -->\n<title>Contato - PDA International<\/title>\n<meta name=\"robots\" content=\"index, follow, max-snippet:-1, max-image-preview:large, max-video-preview:-1\" \/>\n<link rel=\"canonical\" href=\"https:\/\/www.pdainternational.net\/pt-br\/contacto\/\" \/>\n<meta property=\"og:locale\" content=\"pt_BR\" \/>\n<meta property=\"og:type\" content=\"article\" \/>\n<meta property=\"og:title\" content=\"Contato\" \/>\n<meta property=\"og:description\" content=\"Contate-nos! Contate-nos! Se voc\u00ea deseja receber mais informa\u00e7\u00f5es sobre nossa plataforma, produtos ou solu\u00e7\u00f5es tecnol\u00f3gicas, assim como fazer outra consulta, pedimos que preencha o formul\u00e1rio ou nos envie um e-mail para: info@pdainternational.net Se voc\u00ea deseja receber mais informa\u00e7\u00f5es sobre nossa plataforma, produtos ou solu\u00e7\u00f5es tecnol\u00f3gicas, assim como fazer outra consulta, pedimos que preencha o formul\u00e1rio ou nos envie um e-mail para: info@pdainternational.net\" \/>\n<meta property=\"og:url\" content=\"https:\/\/www.pdainternational.net\/pt-br\/contacto\/\" \/>\n<meta property=\"og:site_name\" content=\"PDA International\" \/>\n<meta property=\"article:modified_time\" content=\"2024-11-28T14:20:15+00:00\" \/>\n<meta name=\"twitter:card\" content=\"summary_large_image\" \/>\n<meta name=\"twitter:label1\" content=\"Est. tempo de leitura\" \/>\n\t<meta name=\"twitter:data1\" content=\"1 minuto\" \/>\n<script type=\"application\/ld+json\" class=\"yoast-schema-graph\">{\"@context\":\"https:\/\/schema.org\",\"@graph\":[{\"@type\":\"WebPage\",\"@id\":\"https:\/\/www.pdainternational.net\/pt-br\/contacto\/\",\"url\":\"https:\/\/www.pdainternational.net\/pt-br\/contacto\/\",\"name\":\"Contato - PDA International\",\"isPartOf\":{\"@id\":\"https:\/\/www.pdainternational.net\/pt-br\/#website\"},\"datePublished\":\"2023-10-11T17:10:11+00:00\",\"dateModified\":\"2024-11-28T14:20:15+00:00\",\"breadcrumb\":{\"@id\":\"https:\/\/www.pdainternational.net\/pt-br\/contacto\/#breadcrumb\"},\"inLanguage\":\"pt-BR\",\"potentialAction\":[{\"@type\":\"ReadAction\",\"target\":[\"https:\/\/www.pdainternational.net\/pt-br\/contacto\/\"]}]},{\"@type\":\"BreadcrumbList\",\"@id\":\"https:\/\/www.pdainternational.net\/pt-br\/contacto\/#breadcrumb\",\"itemListElement\":[{\"@type\":\"ListItem\",\"position\":1,\"name\":\"Inicio\",\"item\":\"https:\/\/www.pdainternational.net\/pt-br\/home-new\/\"},{\"@type\":\"ListItem\",\"position\":2,\"name\":\"Contato\"}]},{\"@type\":\"WebSite\",\"@id\":\"https:\/\/www.pdainternational.net\/pt-br\/#website\",\"url\":\"https:\/\/www.pdainternational.net\/pt-br\/\",\"name\":\"PDA International\",\"description\":\"HR Tech\",\"publisher\":{\"@id\":\"https:\/\/www.pdainternational.net\/pt-br\/#organization\"},\"potentialAction\":[{\"@type\":\"SearchAction\",\"target\":{\"@type\":\"EntryPoint\",\"urlTemplate\":\"https:\/\/www.pdainternational.net\/pt-br\/?s={search_term_string}\"},\"query-input\":{\"@type\":\"PropertyValueSpecification\",\"valueRequired\":true,\"valueName\":\"search_term_string\"}}],\"inLanguage\":\"pt-BR\"},{\"@type\":\"Organization\",\"@id\":\"https:\/\/www.pdainternational.net\/pt-br\/#organization\",\"name\":\"PDA International\",\"url\":\"https:\/\/www.pdainternational.net\/pt-br\/\",\"logo\":{\"@type\":\"ImageObject\",\"inLanguage\":\"pt-BR\",\"@id\":\"https:\/\/www.pdainternational.net\/pt-br\/#\/schema\/logo\/image\/\",\"url\":\"https:\/\/www.pdainternational.net\/wp-content\/uploads\/2023\/08\/Logo-nuevo-PDA-blanco-1.png\",\"contentUrl\":\"https:\/\/www.pdainternational.net\/wp-content\/uploads\/2023\/08\/Logo-nuevo-PDA-blanco-1.png\",\"width\":350,\"height\":127,\"caption\":\"PDA International\"},\"image\":{\"@id\":\"https:\/\/www.pdainternational.net\/pt-br\/#\/schema\/logo\/image\/\"}}]}<\/script>\n<!-- \/ Yoast SEO Premium plugin. -->","yoast_head_json":{"title":"Contato - PDA International","robots":{"index":"index","follow":"follow","max-snippet":"max-snippet:-1","max-image-preview":"max-image-preview:large","max-video-preview":"max-video-preview:-1"},"canonical":"https:\/\/www.pdainternational.net\/pt-br\/contacto\/","og_locale":"pt_BR","og_type":"article","og_title":"Contato","og_description":"Contate-nos! Contate-nos! Se voc\u00ea deseja receber mais informa\u00e7\u00f5es sobre nossa plataforma, produtos ou solu\u00e7\u00f5es tecnol\u00f3gicas, assim como fazer outra consulta, pedimos que preencha o formul\u00e1rio ou nos envie um e-mail para: info@pdainternational.net Se voc\u00ea deseja receber mais informa\u00e7\u00f5es sobre nossa plataforma, produtos ou solu\u00e7\u00f5es tecnol\u00f3gicas, assim como fazer outra consulta, pedimos que preencha o formul\u00e1rio ou nos envie um e-mail para: info@pdainternational.net","og_url":"https:\/\/www.pdainternational.net\/pt-br\/contacto\/","og_site_name":"PDA International","article_modified_time":"2024-11-28T14:20:15+00:00","twitter_card":"summary_large_image","twitter_misc":{"Est. tempo de leitura":"1 minuto"},"schema":{"@context":"https:\/\/schema.org","@graph":[{"@type":"WebPage","@id":"https:\/\/www.pdainternational.net\/pt-br\/contacto\/","url":"https:\/\/www.pdainternational.net\/pt-br\/contacto\/","name":"Contato - PDA International","isPartOf":{"@id":"https:\/\/www.pdainternational.net\/pt-br\/#website"},"datePublished":"2023-10-11T17:10:11+00:00","dateModified":"2024-11-28T14:20:15+00:00","breadcrumb":{"@id":"https:\/\/www.pdainternational.net\/pt-br\/contacto\/#breadcrumb"},"inLanguage":"pt-BR","potentialAction":[{"@type":"ReadAction","target":["https:\/\/www.pdainternational.net\/pt-br\/contacto\/"]}]},{"@type":"BreadcrumbList","@id":"https:\/\/www.pdainternational.net\/pt-br\/contacto\/#breadcrumb","itemListElement":[{"@type":"ListItem","position":1,"name":"Inicio","item":"https:\/\/www.pdainternational.net\/pt-br\/home-new\/"},{"@type":"ListItem","position":2,"name":"Contato"}]},{"@type":"WebSite","@id":"https:\/\/www.pdainternational.net\/pt-br\/#website","url":"https:\/\/www.pdainternational.net\/pt-br\/","name":"PDA International","description":"HR Tech","publisher":{"@id":"https:\/\/www.pdainternational.net\/pt-br\/#organization"},"potentialAction":[{"@type":"SearchAction","target":{"@type":"EntryPoint","urlTemplate":"https:\/\/www.pdainternational.net\/pt-br\/?s={search_term_string}"},"query-input":{"@type":"PropertyValueSpecification","valueRequired":true,"valueName":"search_term_string"}}],"inLanguage":"pt-BR"},{"@type":"Organization","@id":"https:\/\/www.pdainternational.net\/pt-br\/#organization","name":"PDA International","url":"https:\/\/www.pdainternational.net\/pt-br\/","logo":{"@type":"ImageObject","inLanguage":"pt-BR","@id":"https:\/\/www.pdainternational.net\/pt-br\/#\/schema\/logo\/image\/","url":"https:\/\/www.pdainternational.net\/wp-content\/uploads\/2023\/08\/Logo-nuevo-PDA-blanco-1.png","contentUrl":"https:\/\/www.pdainternational.net\/wp-content\/uploads\/2023\/08\/Logo-nuevo-PDA-blanco-1.png","width":350,"height":127,"caption":"PDA International"},"image":{"@id":"https:\/\/www.pdainternational.net\/pt-br\/#\/schema\/logo\/image\/"}}]}},"_links":{"self":[{"href":"https:\/\/www.pdainternational.net\/pt-br\/wp-json\/wp\/v2\/pages\/9023","targetHints":{"allow":["GET"]}}],"collection":[{"href":"https:\/\/www.pdainternational.net\/pt-br\/wp-json\/wp\/v2\/pages"}],"about":[{"href":"https:\/\/www.pdainternational.net\/pt-br\/wp-json\/wp\/v2\/types\/page"}],"author":[{"embeddable":true,"href":"https:\/\/www.pdainternational.net\/pt-br\/wp-json\/wp\/v2\/users\/12"}],"replies":[{"embeddable":true,"href":"https:\/\/www.pdainternational.net\/pt-br\/wp-json\/wp\/v2\/comments?post=9023"}],"version-history":[{"count":12,"href":"https:\/\/www.pdainternational.net\/pt-br\/wp-json\/wp\/v2\/pages\/9023\/revisions"}],"predecessor-version":[{"id":15902,"href":"https:\/\/www.pdainternational.net\/pt-br\/wp-json\/wp\/v2\/pages\/9023\/revisions\/15902"}],"wp:attachment":[{"href":"https:\/\/www.pdainternational.net\/pt-br\/wp-json\/wp\/v2\/media?parent=9023"}],"curies":[{"name":"wp","href":"https:\/\/api.w.org\/{rel}","templated":true}]}}