{"id":9021,"date":"2023-12-19T15:47:39","date_gmt":"2023-12-19T18:47:39","guid":{"rendered":"https:\/\/pdainternational.testpda.com\/contacto-tov\/"},"modified":"2024-11-28T11:12:51","modified_gmt":"2024-11-28T14:12:51","slug":"contacto-tov","status":"publish","type":"page","link":"https:\/\/www.pdainternational.net\/pt-pt\/contacto-tov\/","title":{"rendered":"Contacto \u2013 TOV"},"content":{"rendered":"\t\t<div data-elementor-type=\"wp-page\" data-elementor-id=\"9021\" class=\"elementor elementor-9021 elementor-6152\" data-elementor-post-type=\"page\">\n\t\t\t\t\t\t<section class=\"elementor-section elementor-top-section elementor-element elementor-element-e7c9b99 elementor-section-boxed elementor-section-height-default elementor-section-height-default wpr-particle-no wpr-jarallax-no wpr-parallax-no wpr-sticky-section-no\" data-id=\"e7c9b99\" data-element_type=\"section\" data-settings=\"{&quot;background_background&quot;:&quot;gradient&quot;}\">\n\t\t\t\t\t\t<div class=\"elementor-container elementor-column-gap-default\">\n\t\t\t\t\t<div class=\"elementor-column elementor-col-50 elementor-top-column elementor-element elementor-element-4ccab3b\" data-id=\"4ccab3b\" data-element_type=\"column\">\n\t\t\t<div class=\"elementor-widget-wrap elementor-element-populated\">\n\t\t\t\t\t\t<div class=\"elementor-element elementor-element-0039091 elementor-hidden-mobile elementor-widget elementor-widget-heading\" data-id=\"0039091\" data-element_type=\"widget\" data-widget_type=\"heading.default\">\n\t\t\t\t<div class=\"elementor-widget-container\">\n\t\t\t\t\t<h2 class=\"elementor-heading-title elementor-size-default\">Contacta-nos!<\/h2>\t\t\t\t<\/div>\n\t\t\t\t<\/div>\n\t\t\t\t<div class=\"elementor-element elementor-element-2df5328 elementor-hidden-desktop elementor-hidden-tablet elementor-widget elementor-widget-heading\" data-id=\"2df5328\" data-element_type=\"widget\" data-widget_type=\"heading.default\">\n\t\t\t\t<div class=\"elementor-widget-container\">\n\t\t\t\t\t<h2 class=\"elementor-heading-title elementor-size-default\">Contacta-nos!<\/h2>\t\t\t\t<\/div>\n\t\t\t\t<\/div>\n\t\t\t\t<div class=\"elementor-element elementor-element-841597b elementor-hidden-mobile elementor-widget elementor-widget-text-editor\" data-id=\"841597b\" data-element_type=\"widget\" data-widget_type=\"text-editor.default\">\n\t\t\t\t<div class=\"elementor-widget-container\">\n\t\t\t\t\t\t\t\t\t<p>Se quiseres receber mais informa\u00e7\u00f5es sobre a nossa plataforma, produtos ou solu\u00e7\u00f5es tecnol\u00f3gicas, ou se tiveres qualquer outra d\u00favida, preenche o formul\u00e1rio abaixo ou envia-nos um e-mail: <span style=\"color: #00ffff;\"><a style=\"color: #00ffff;\" href=\"mailto:info@pdainternational.net\">info@pdainternational.net<\/a><\/span><\/p>\n\t\t\t\t\t\t\t\t<\/div>\n\t\t\t\t<\/div>\n\t\t\t\t<div class=\"elementor-element elementor-element-2876a74 elementor-hidden-desktop elementor-hidden-tablet elementor-widget elementor-widget-text-editor\" data-id=\"2876a74\" data-element_type=\"widget\" data-widget_type=\"text-editor.default\">\n\t\t\t\t<div class=\"elementor-widget-container\">\n\t\t\t\t\t\t\t\t\t<p>Se quiseres receber mais informa\u00e7\u00f5es sobre a nossa plataforma, produtos ou solu\u00e7\u00f5es tecnol\u00f3gicas, ou se tiveres qualquer outra d\u00favida, preenche o formul\u00e1rio abaixo ou envia-nos um e-mail: <span style=\"color: #00ffff;\"><a style=\"color: #00ffff;\" href=\"mailto:info@pdainternational.net\">info@pdainternational.net<\/a><\/span><\/p>\n\t\t\t\t\t\t\t\t<\/div>\n\t\t\t\t<\/div>\n\t\t\t\t\t<\/div>\n\t\t<\/div>\n\t\t\t\t<div class=\"elementor-column elementor-col-50 elementor-top-column elementor-element elementor-element-2fba724\" data-id=\"2fba724\" data-element_type=\"column\">\n\t\t\t<div class=\"elementor-widget-wrap elementor-element-populated\">\n\t\t\t\t\t\t<div class=\"elementor-element elementor-element-08eef76 bloque-es elementor-hidden-desktop elementor-hidden-tablet elementor-hidden-mobile elementor-widget elementor-widget-hubspot-form\" data-id=\"08eef76\" data-element_type=\"widget\" data-widget_type=\"hubspot-form.default\">\n\t\t\t\t<div class=\"elementor-widget-container\">\n\t\t\t\t\t\n\t\t\t\t\t\t<script>\n\t\t\t\t\t\t\twindow.hsFormsOnReady = window.hsFormsOnReady || [];\n\t\t\t\t\t\t\twindow.hsFormsOnReady.push(()=>{\n\t\t\t\t\t\t\t\thbspt.forms.create({\n\t\t\t\t\t\t\t\t\tportalId: 20472864,\n\t\t\t\t\t\t\t\t\tformId: \"4cb85ae8-cb48-4712-84b4-69d2081d9bea\",\n\t\t\t\t\t\t\t\t\ttarget: \"#hbspt-form-1775726519000-0433331896\",\n\t\t\t\t\t\t\t\t\tregion: \"na1\",\n\t\t\t\t\t\t\t\t\t\n\t\t\t\t\t\t\t})});\n\t\t\t\t\t\t<\/script>\n\t\t\t\t\t\t<div class=\"hbspt-form\" id=\"hbspt-form-1775726519000-0433331896\"><\/div>\t\t\t\t<\/div>\n\t\t\t\t<\/div>\n\t\t\t\t<div class=\"elementor-element elementor-element-320862a bloque-en elementor-hidden-desktop elementor-hidden-tablet elementor-hidden-mobile elementor-widget elementor-widget-hubspot-form\" data-id=\"320862a\" data-element_type=\"widget\" data-widget_type=\"hubspot-form.default\">\n\t\t\t\t<div class=\"elementor-widget-container\">\n\t\t\t\t\t\n\t\t\t\t\t\t<script>\n\t\t\t\t\t\t\twindow.hsFormsOnReady = window.hsFormsOnReady || [];\n\t\t\t\t\t\t\twindow.hsFormsOnReady.push(()=>{\n\t\t\t\t\t\t\t\thbspt.forms.create({\n\t\t\t\t\t\t\t\t\tportalId: 20472864,\n\t\t\t\t\t\t\t\t\tformId: \"a000d2e6-fdcd-415b-b037-ab1a03132f9d\",\n\t\t\t\t\t\t\t\t\ttarget: \"#hbspt-form-1775726519000-5091314104\",\n\t\t\t\t\t\t\t\t\tregion: \"na1\",\n\t\t\t\t\t\t\t\t\t\n\t\t\t\t\t\t\t})});\n\t\t\t\t\t\t<\/script>\n\t\t\t\t\t\t<div class=\"hbspt-form\" id=\"hbspt-form-1775726519000-5091314104\"><\/div>\t\t\t\t<\/div>\n\t\t\t\t<\/div>\n\t\t\t\t<div class=\"elementor-element elementor-element-1c66803 bloque-br elementor-hidden-desktop elementor-hidden-tablet elementor-hidden-mobile elementor-widget elementor-widget-hubspot-form\" data-id=\"1c66803\" data-element_type=\"widget\" data-widget_type=\"hubspot-form.default\">\n\t\t\t\t<div class=\"elementor-widget-container\">\n\t\t\t\t\t\n\t\t\t\t\t\t<script>\n\t\t\t\t\t\t\twindow.hsFormsOnReady = window.hsFormsOnReady || [];\n\t\t\t\t\t\t\twindow.hsFormsOnReady.push(()=>{\n\t\t\t\t\t\t\t\thbspt.forms.create({\n\t\t\t\t\t\t\t\t\tportalId: 20472864,\n\t\t\t\t\t\t\t\t\tformId: \"d6d41369-3309-4166-95b5-ed2f13a13e15\",\n\t\t\t\t\t\t\t\t\ttarget: \"#hbspt-form-1775726519000-0744813947\",\n\t\t\t\t\t\t\t\t\tregion: \"na1\",\n\t\t\t\t\t\t\t\t\t\n\t\t\t\t\t\t\t})});\n\t\t\t\t\t\t<\/script>\n\t\t\t\t\t\t<div class=\"hbspt-form\" id=\"hbspt-form-1775726519000-0744813947\"><\/div>\t\t\t\t<\/div>\n\t\t\t\t<\/div>\n\t\t\t\t<div class=\"elementor-element elementor-element-17c8f02 bloque-pt elementor-hidden-desktop elementor-hidden-tablet elementor-hidden-mobile elementor-widget elementor-widget-hubspot-form\" data-id=\"17c8f02\" data-element_type=\"widget\" data-widget_type=\"hubspot-form.default\">\n\t\t\t\t<div class=\"elementor-widget-container\">\n\t\t\t\t\t\n\t\t\t\t\t\t<script>\n\t\t\t\t\t\t\twindow.hsFormsOnReady = window.hsFormsOnReady || [];\n\t\t\t\t\t\t\twindow.hsFormsOnReady.push(()=>{\n\t\t\t\t\t\t\t\thbspt.forms.create({\n\t\t\t\t\t\t\t\t\tportalId: 20472864,\n\t\t\t\t\t\t\t\t\tformId: \"77a3c783-c5c4-4e70-9764-a1d3d715fd47\",\n\t\t\t\t\t\t\t\t\ttarget: \"#hbspt-form-1775726519000-0260304273\",\n\t\t\t\t\t\t\t\t\tregion: \"na1\",\n\t\t\t\t\t\t\t\t\t\n\t\t\t\t\t\t\t})});\n\t\t\t\t\t\t<\/script>\n\t\t\t\t\t\t<div class=\"hbspt-form\" id=\"hbspt-form-1775726519000-0260304273\"><\/div>\t\t\t\t<\/div>\n\t\t\t\t<\/div>\n\t\t\t\t\t<\/div>\n\t\t<\/div>\n\t\t\t\t\t<\/div>\n\t\t<\/section>\n\t\t\t\t<\/div>\n\t\t","protected":false},"excerpt":{"rendered":"<p>Contacta-nos! Contacta-nos! Se quiseres receber mais informa\u00e7\u00f5es sobre a nossa plataforma, produtos ou solu\u00e7\u00f5es tecnol\u00f3gicas, ou se tiveres qualquer outra d\u00favida, preenche o formul\u00e1rio abaixo ou envia-nos um e-mail: info@pdainternational.net Se quiseres receber mais informa\u00e7\u00f5es sobre a nossa plataforma, produtos ou solu\u00e7\u00f5es tecnol\u00f3gicas, ou se tiveres qualquer outra d\u00favida, preenche o formul\u00e1rio abaixo ou envia-nos um e-mail: info@pdainternational.net<\/p>\n","protected":false},"author":1,"featured_media":0,"parent":0,"menu_order":0,"comment_status":"closed","ping_status":"closed","template":"","meta":{"content-type":"","footnotes":""},"class_list":["post-9021","page","type-page","status-publish","hentry"],"yoast_head":"<!-- This site is optimized with the Yoast SEO Premium plugin v20.12 (Yoast SEO v26.1.1) - https:\/\/yoast.com\/wordpress\/plugins\/seo\/ -->\n<title>Contacto \u2013 TOV - PDA International<\/title>\n<meta name=\"robots\" content=\"index, follow, max-snippet:-1, max-image-preview:large, max-video-preview:-1\" \/>\n<link rel=\"canonical\" href=\"https:\/\/www.pdainternational.net\/pt-pt\/contacto-tov\/\" \/>\n<meta property=\"og:locale\" content=\"pt_PT\" \/>\n<meta property=\"og:type\" content=\"article\" \/>\n<meta property=\"og:title\" content=\"Contacto \u2013 TOV\" \/>\n<meta property=\"og:description\" content=\"Contacta-nos! Contacta-nos! Se quiseres receber mais informa\u00e7\u00f5es sobre a nossa plataforma, produtos ou solu\u00e7\u00f5es tecnol\u00f3gicas, ou se tiveres qualquer outra d\u00favida, preenche o formul\u00e1rio abaixo ou envia-nos um e-mail: info@pdainternational.net Se quiseres receber mais informa\u00e7\u00f5es sobre a nossa plataforma, produtos ou solu\u00e7\u00f5es tecnol\u00f3gicas, ou se tiveres qualquer outra d\u00favida, preenche o formul\u00e1rio abaixo ou envia-nos um e-mail: info@pdainternational.net\" \/>\n<meta property=\"og:url\" content=\"https:\/\/www.pdainternational.net\/pt-pt\/contacto-tov\/\" \/>\n<meta property=\"og:site_name\" content=\"PDA International\" \/>\n<meta property=\"article:modified_time\" content=\"2024-11-28T14:12:51+00:00\" \/>\n<meta name=\"twitter:card\" content=\"summary_large_image\" \/>\n<meta name=\"twitter:label1\" content=\"Tempo estimado de leitura\" \/>\n\t<meta name=\"twitter:data1\" content=\"1 minuto\" \/>\n<script type=\"application\/ld+json\" class=\"yoast-schema-graph\">{\"@context\":\"https:\/\/schema.org\",\"@graph\":[{\"@type\":\"WebPage\",\"@id\":\"https:\/\/www.pdainternational.net\/pt-pt\/contacto-tov\/\",\"url\":\"https:\/\/www.pdainternational.net\/pt-pt\/contacto-tov\/\",\"name\":\"Contacto \u2013 TOV - PDA International\",\"isPartOf\":{\"@id\":\"https:\/\/www.pdainternational.net\/pt-pt\/#website\"},\"datePublished\":\"2023-12-19T18:47:39+00:00\",\"dateModified\":\"2024-11-28T14:12:51+00:00\",\"breadcrumb\":{\"@id\":\"https:\/\/www.pdainternational.net\/pt-pt\/contacto-tov\/#breadcrumb\"},\"inLanguage\":\"pt-PT\",\"potentialAction\":[{\"@type\":\"ReadAction\",\"target\":[\"https:\/\/www.pdainternational.net\/pt-pt\/contacto-tov\/\"]}]},{\"@type\":\"BreadcrumbList\",\"@id\":\"https:\/\/www.pdainternational.net\/pt-pt\/contacto-tov\/#breadcrumb\",\"itemListElement\":[{\"@type\":\"ListItem\",\"position\":1,\"name\":\"Inicio\",\"item\":\"https:\/\/www.pdainternational.net\/pt-pt\/home-new\/\"},{\"@type\":\"ListItem\",\"position\":2,\"name\":\"Contacto \u2013 TOV\"}]},{\"@type\":\"WebSite\",\"@id\":\"https:\/\/www.pdainternational.net\/pt-pt\/#website\",\"url\":\"https:\/\/www.pdainternational.net\/pt-pt\/\",\"name\":\"PDA International\",\"description\":\"HR Tech\",\"publisher\":{\"@id\":\"https:\/\/www.pdainternational.net\/pt-pt\/#organization\"},\"potentialAction\":[{\"@type\":\"SearchAction\",\"target\":{\"@type\":\"EntryPoint\",\"urlTemplate\":\"https:\/\/www.pdainternational.net\/pt-pt\/?s={search_term_string}\"},\"query-input\":{\"@type\":\"PropertyValueSpecification\",\"valueRequired\":true,\"valueName\":\"search_term_string\"}}],\"inLanguage\":\"pt-PT\"},{\"@type\":\"Organization\",\"@id\":\"https:\/\/www.pdainternational.net\/pt-pt\/#organization\",\"name\":\"PDA International\",\"url\":\"https:\/\/www.pdainternational.net\/pt-pt\/\",\"logo\":{\"@type\":\"ImageObject\",\"inLanguage\":\"pt-PT\",\"@id\":\"https:\/\/www.pdainternational.net\/pt-pt\/#\/schema\/logo\/image\/\",\"url\":\"https:\/\/www.pdainternational.net\/wp-content\/uploads\/2023\/08\/Logo-nuevo-PDA-blanco-1.png\",\"contentUrl\":\"https:\/\/www.pdainternational.net\/wp-content\/uploads\/2023\/08\/Logo-nuevo-PDA-blanco-1.png\",\"width\":350,\"height\":127,\"caption\":\"PDA International\"},\"image\":{\"@id\":\"https:\/\/www.pdainternational.net\/pt-pt\/#\/schema\/logo\/image\/\"}}]}<\/script>\n<!-- \/ Yoast SEO Premium plugin. -->","yoast_head_json":{"title":"Contacto \u2013 TOV - PDA International","robots":{"index":"index","follow":"follow","max-snippet":"max-snippet:-1","max-image-preview":"max-image-preview:large","max-video-preview":"max-video-preview:-1"},"canonical":"https:\/\/www.pdainternational.net\/pt-pt\/contacto-tov\/","og_locale":"pt_PT","og_type":"article","og_title":"Contacto \u2013 TOV","og_description":"Contacta-nos! Contacta-nos! Se quiseres receber mais informa\u00e7\u00f5es sobre a nossa plataforma, produtos ou solu\u00e7\u00f5es tecnol\u00f3gicas, ou se tiveres qualquer outra d\u00favida, preenche o formul\u00e1rio abaixo ou envia-nos um e-mail: info@pdainternational.net Se quiseres receber mais informa\u00e7\u00f5es sobre a nossa plataforma, produtos ou solu\u00e7\u00f5es tecnol\u00f3gicas, ou se tiveres qualquer outra d\u00favida, preenche o formul\u00e1rio abaixo ou envia-nos um e-mail: info@pdainternational.net","og_url":"https:\/\/www.pdainternational.net\/pt-pt\/contacto-tov\/","og_site_name":"PDA International","article_modified_time":"2024-11-28T14:12:51+00:00","twitter_card":"summary_large_image","twitter_misc":{"Tempo estimado de leitura":"1 minuto"},"schema":{"@context":"https:\/\/schema.org","@graph":[{"@type":"WebPage","@id":"https:\/\/www.pdainternational.net\/pt-pt\/contacto-tov\/","url":"https:\/\/www.pdainternational.net\/pt-pt\/contacto-tov\/","name":"Contacto \u2013 TOV - PDA International","isPartOf":{"@id":"https:\/\/www.pdainternational.net\/pt-pt\/#website"},"datePublished":"2023-12-19T18:47:39+00:00","dateModified":"2024-11-28T14:12:51+00:00","breadcrumb":{"@id":"https:\/\/www.pdainternational.net\/pt-pt\/contacto-tov\/#breadcrumb"},"inLanguage":"pt-PT","potentialAction":[{"@type":"ReadAction","target":["https:\/\/www.pdainternational.net\/pt-pt\/contacto-tov\/"]}]},{"@type":"BreadcrumbList","@id":"https:\/\/www.pdainternational.net\/pt-pt\/contacto-tov\/#breadcrumb","itemListElement":[{"@type":"ListItem","position":1,"name":"Inicio","item":"https:\/\/www.pdainternational.net\/pt-pt\/home-new\/"},{"@type":"ListItem","position":2,"name":"Contacto \u2013 TOV"}]},{"@type":"WebSite","@id":"https:\/\/www.pdainternational.net\/pt-pt\/#website","url":"https:\/\/www.pdainternational.net\/pt-pt\/","name":"PDA International","description":"HR Tech","publisher":{"@id":"https:\/\/www.pdainternational.net\/pt-pt\/#organization"},"potentialAction":[{"@type":"SearchAction","target":{"@type":"EntryPoint","urlTemplate":"https:\/\/www.pdainternational.net\/pt-pt\/?s={search_term_string}"},"query-input":{"@type":"PropertyValueSpecification","valueRequired":true,"valueName":"search_term_string"}}],"inLanguage":"pt-PT"},{"@type":"Organization","@id":"https:\/\/www.pdainternational.net\/pt-pt\/#organization","name":"PDA International","url":"https:\/\/www.pdainternational.net\/pt-pt\/","logo":{"@type":"ImageObject","inLanguage":"pt-PT","@id":"https:\/\/www.pdainternational.net\/pt-pt\/#\/schema\/logo\/image\/","url":"https:\/\/www.pdainternational.net\/wp-content\/uploads\/2023\/08\/Logo-nuevo-PDA-blanco-1.png","contentUrl":"https:\/\/www.pdainternational.net\/wp-content\/uploads\/2023\/08\/Logo-nuevo-PDA-blanco-1.png","width":350,"height":127,"caption":"PDA International"},"image":{"@id":"https:\/\/www.pdainternational.net\/pt-pt\/#\/schema\/logo\/image\/"}}]}},"_links":{"self":[{"href":"https:\/\/www.pdainternational.net\/pt-pt\/wp-json\/wp\/v2\/pages\/9021","targetHints":{"allow":["GET"]}}],"collection":[{"href":"https:\/\/www.pdainternational.net\/pt-pt\/wp-json\/wp\/v2\/pages"}],"about":[{"href":"https:\/\/www.pdainternational.net\/pt-pt\/wp-json\/wp\/v2\/types\/page"}],"author":[{"embeddable":true,"href":"https:\/\/www.pdainternational.net\/pt-pt\/wp-json\/wp\/v2\/users\/1"}],"replies":[{"embeddable":true,"href":"https:\/\/www.pdainternational.net\/pt-pt\/wp-json\/wp\/v2\/comments?post=9021"}],"version-history":[{"count":8,"href":"https:\/\/www.pdainternational.net\/pt-pt\/wp-json\/wp\/v2\/pages\/9021\/revisions"}],"predecessor-version":[{"id":15895,"href":"https:\/\/www.pdainternational.net\/pt-pt\/wp-json\/wp\/v2\/pages\/9021\/revisions\/15895"}],"wp:attachment":[{"href":"https:\/\/www.pdainternational.net\/pt-pt\/wp-json\/wp\/v2\/media?parent=9021"}],"curies":[{"name":"wp","href":"https:\/\/api.w.org\/{rel}","templated":true}]}}